

{"id":922,"date":"2024-04-04T07:46:17","date_gmt":"2024-04-04T05:46:17","guid":{"rendered":"https:\/\/egaralur.net\/promociones\/?page_id=922"},"modified":"2024-04-04T07:56:49","modified_gmt":"2024-04-04T05:56:49","slug":"mis-propiedades","status":"publish","type":"page","link":"https:\/\/egaralur.net\/promociones\/area-privada\/mis-propiedades\/","title":{"rendered":"Mis propiedades"},"content":{"rendered":"\n\n\n<section class=\"sections-block\">\n\n    <div class=\"bg-blocks\">\n        <div class=\"block-left block\"><\/div>\n        <div class=\"block-right block\"><\/div>\n    <\/div>\n\n    <div class=\"section container\">\n        <div class=\"filters\" id=\"filterGroup\">\n\n               \n                \n                \n                  \n                    <a href=\"https:\/\/egaralur.net\/promociones\/area-privada\/mis-propiedades\/\" class=\"btn-filter is-checked\">Mis propiedades<\/a>\n                               \n                \n                \n                                    <a href=\"https:\/\/egaralur.net\/promociones\/area-privada\/mis-datos\/\" class=\"btn-filter\">Mis datos<\/a>\n                               \n                \n                \n                                    <a href=\"https:\/\/egaralur.net\/promociones\/area-privada\/preguntas-frecuentes\/\" class=\"btn-filter\">Preguntas frecuentes<\/a>\n                                        \n        <\/div>\n\n                    <h2 class=\"filter-title\">Mis propiedades<\/h2>\n        \n                    <p class=\"filter-text\">Desde aqu\u00ed podr\u00e1s acceder a toda la documentaci\u00f3n de tu viviendo o local y realizar su personalizaci\u00f3n. Tambi\u00e9n consultar el progreso de obra.<\/p>\n            \n    <\/div>\n<\/section>\n\n\n\n\n\n<section class=\"egaralur-promociones propiedades-list\">\n\n    <div class=\"container\">\n\n        <div class=\"card-section\">\n                    <\/div>\n    <\/div>\n\n<\/section>\n\n\n\n\n","protected":false},"excerpt":{"rendered":"","protected":false},"author":1,"featured_media":0,"parent":19,"menu_order":0,"comment_status":"closed","ping_status":"closed","template":"page-templates\/template-promos.php","meta":{"inline_featured_image":false,"_genesis_hide_title":false,"_genesis_hide_breadcrumbs":false,"_genesis_hide_singular_image":false,"_genesis_hide_footer_widgets":false,"_genesis_custom_body_class":"","_genesis_custom_post_class":"","_genesis_layout":"","footnotes":""},"class_list":{"0":"post-922","1":"page","2":"type-page","3":"status-publish","5":"entry"},"acf":[],"_links":{"self":[{"href":"https:\/\/egaralur.net\/promociones\/wp-json\/wp\/v2\/pages\/922","targetHints":{"allow":["GET"]}}],"collection":[{"href":"https:\/\/egaralur.net\/promociones\/wp-json\/wp\/v2\/pages"}],"about":[{"href":"https:\/\/egaralur.net\/promociones\/wp-json\/wp\/v2\/types\/page"}],"author":[{"embeddable":true,"href":"https:\/\/egaralur.net\/promociones\/wp-json\/wp\/v2\/users\/1"}],"replies":[{"embeddable":true,"href":"https:\/\/egaralur.net\/promociones\/wp-json\/wp\/v2\/comments?post=922"}],"version-history":[{"count":2,"href":"https:\/\/egaralur.net\/promociones\/wp-json\/wp\/v2\/pages\/922\/revisions"}],"predecessor-version":[{"id":1936,"href":"https:\/\/egaralur.net\/promociones\/wp-json\/wp\/v2\/pages\/922\/revisions\/1936"}],"up":[{"embeddable":true,"href":"https:\/\/egaralur.net\/promociones\/wp-json\/wp\/v2\/pages\/19"}],"wp:attachment":[{"href":"https:\/\/egaralur.net\/promociones\/wp-json\/wp\/v2\/media?parent=922"}],"curies":[{"name":"wp","href":"https:\/\/api.w.org\/{rel}","templated":true}]}}