

{"id":31,"date":"2024-01-30T21:28:41","date_gmt":"2024-01-30T20:28:41","guid":{"rendered":"http:\/\/egaralur.net\/?page_id=31"},"modified":"2024-02-20T11:22:49","modified_gmt":"2024-02-20T10:22:49","slug":"politica-de-privacidad","status":"publish","type":"page","link":"https:\/\/egaralur.net\/promociones\/politica-de-privacidad\/","title":{"rendered":"Pol\u00edtica de Privacidad"},"content":{"rendered":"<div class=\"gb-container gb-container-b9e031ae alignwide\">\n\n<h1 class=\"gb-headline gb-headline-2eb83803 gb-headline-text\">Pol\u00edtica de privacidad<\/h1>\n\n<\/div>\n\n<div class=\"gb-container gb-container-769b7155 alignwide\">\n\n<p>I. OBJETO<\/p>\n\n\n\n<p>Estas condiciones generales regulan el uso de todos los servicios del portal egaralur.net (en adelante \u00abPortal\u00bb) que la compa\u00f1\u00eda Construcciones Egaralur S.L., pone a disposici\u00f3n de los usuarios de Internet. Por la mera utilizaci\u00f3n del Portal el usuario expresa la plena aceptaci\u00f3n, sin reservas, de las mismas, las cuales podr\u00e1n ser modificadas por Construcciones Egaralur S.L., en cualquier momento. Los usuarios se ven asimismo, sometidos a todas aquellas condiciones particulares, avisos o reglamentos de instrucciones que se pongan en su conocimiento en relaci\u00f3n con contenidos o servicios concretos, que completen lo previsto en estas Condiciones Generales en cuanto no se opongan a ellas.<\/p>\n\n\n\n<p>II. EXCLUSI\u00d3N DE RESPONSABILIDAD<\/p>\n\n\n\n<p>Construcciones Egaralur S.L. no garantiza la disponibilidad y continuidad del funcionamiento del Portal, de sus servicios y sus contenidos; si fuera razonablemente posible, Construcciones Egaralur S.L. avisar\u00e1 previamente de las interrupciones en el funcionamiento de los mismos. Construcciones Egaralur S.L. excluye, con toda la extensi\u00f3n permitida por el ordenamiento jur\u00eddico, cualquier responsabilidad por los da\u00f1os o perjuicios de cualquier naturaleza que puedan deberse a la falta de disponibilidad o de continuidad del Portal o de cualquiera de sus servicios, o por los fallos en el acceso a las distintas p\u00e1ginas web del Portal o aquellas desde las que se prestan determinados servicios.<\/p>\n\n\n\n<p>III. POSIBLE ALTERACI\u00d3N DE RESPONSABILIDAD<\/p>\n\n\n\n<p>Toda la documentaci\u00f3n incluida en esta p\u00e1gina Web referente a las distintas promociones y proyectos esta sometida a posibles cambios.<\/p>\n\n\n\n<p>IV. UTILIZACI\u00d3N DEL PORTAL Y LOS SERVICIOS POR LOS USUARIOS<\/p>\n\n\n\n<p>El usuario se compromete a hacer un uso l\u00edcito y conforme a la buena fe, del Portal sus servicios y contenidos siendo el usuario \u00fanico responsable del uso que pueda hacer de los mismos. Salvo que haya obtenido previa y expresa autorizaci\u00f3n espec\u00edficamente otorgada al efecto por parte de Construcciones Egaralur S.L., el usuario se abstendr\u00e1 de obtener o intentar obtener cualquier tipo de contenidos, ya sean textos, gr\u00e1ficos, dibujos, archivos de sonido, im\u00e1genes o fotograf\u00edas, v\u00eddeos, software y en general cualquier clase de material accesible a trav\u00e9s del Portal o los servicios, empleando para ello medios distintos de los que se hayan puesto a su disposici\u00f3n a este efecto o de los que se empleen habitualmente a este efecto en Internet.<\/p>\n\n\n\n<p>V. EXCLUSI\u00d3N DE RESPONSABILIDAD DE CONTENIDOS DE TERCEROS<\/p>\n\n\n\n<p>Construcciones Egaralur S.L., no es en ning\u00fan caso responsable, ni de forma directa ni subsidiaria, por ning\u00fan contenido, informaci\u00f3n, comunicaci\u00f3n, opini\u00f3n o manifestaci\u00f3n de cualquier tipo que tenga su origen en el usuario o cualquier tercera persona o entidad y que se comunique, difunda, transmita o exhiba a trav\u00e9s de los servicios del Portal.<\/p>\n\n\n\n<p>VI. EXCLUSI\u00d3N DE RESPONSABILIDAD POR LOS SERVICIOS PRESTADOS POR TERCEROS<\/p>\n\n\n\n<p>El Portal pone a disposici\u00f3n de los usuarios dispositivos t\u00e9cnicos de enlaces, ya sean links, directorios o herramientas de b\u00fasqueda, los cuales permiten el acceso a p\u00e1ginas web o sites que son gestionados por terceros. Construcciones Egaralur S.L., no ejerce ninguna titularidad sobre los mismos, y no comercializa ni ofrece los contenidos y servicios que contienen; por lo tanto no asume ninguna responsabilidad ni directa ni subsidiaria sobre dichas p\u00e1ginas web o sites.<\/p>\n\n\n\n<p>VII. PROPIEDAD INTELECTUAL E INDUSTRIAL.<\/p>\n\n\n\n<p>Todos los contenidos as\u00ed como nombres, logos, marcas y bases de datos accesibles en las p\u00e1ginas web del Portal est\u00e1n sujetos a derechos de propiedad industrial e intelectual de Construcciones Egaralur S.L., o de terceros titulares de los mismos. En ning\u00fan caso el acceso a las p\u00e1ginas web del Portal implica ning\u00fan tipo de renuncia, transmisi\u00f3n o cesi\u00f3n total o parcial de los mencionados derechos, ni confiere ning\u00fan derecho de utilizaci\u00f3n, alteraci\u00f3n, explotaci\u00f3n, reproducci\u00f3n, distribuci\u00f3n o comunicaci\u00f3n p\u00fablica sobre los contenidos o bienes de propiedad industrial sin la previa y expresa autorizaci\u00f3n espec\u00edficamente otorgada a tal efecto por parte de Construcciones Egaralur S.L., o del tercero titular de los derechos, salvo los derechos de visualizar y de realizar copias para uso personal y exclusivo del usuario, los cuales deber\u00e1n ejercerse siempre conforme a los principios de la buena fe y la legislaci\u00f3n aplicable.<\/p>\n\n\n\n<p>VIII. PROTECCI\u00d3N DE DATOS<\/p>\n\n\n\n<p>Mediante el presente Aviso Legal y de acuerdo con lo establecido en la Ley Org\u00e1nica 15\u20441999, de Protecci\u00f3n de Datos de Car\u00e1cter Personal, Construcciones Egaralur S.L. avisa a los usuarios de su pol\u00edtica de protecci\u00f3n de datos, para que estos determinen libre y voluntariamente si desean facilitar los datos personales que se le puedan requerir con ocasi\u00f3n de la cumplimentaci\u00f3n del formulario contacto comercial o a trav\u00e9s de correo electr\u00f3nico. Salvo en los campos en que se indique lo contrario, las respuestas a las preguntas sobre datos personales son voluntarias. Los datos personales recogidos ser\u00e1n tratados de forma secreta y confidencial y su recogida tiene como finalidad la gesti\u00f3n y prestaci\u00f3n de los servicios ofrecidos por Construcciones Egaralur S.L. en el Portal en cada momento. El usuario acepta que los datos personales por \u00e9l facilitados puedan ser objeto de tratamiento en ficheros automatizados titularidad y responsabilidad de Construcciones Egaralur S.L.. Si no deseare que los datos facilitados por usted sean tratados automatizadamente con fines comerciales o publicitarios por Construcciones Egaralur S.L.. podr\u00e1 comunic\u00e1rnoslo a trav\u00e9s de correo electr\u00f3nico a la direcci\u00f3n jesusmari@egaralur.net. Si no recibi\u00e9ramos comunicaci\u00f3n en contrario en el plazo de un mes entender\u00edamos que habr\u00eda otorgado su consentimiento que podr\u00e1 revocar en cualquier momento. El usuario queda asimismo informado sobre la posibilidad de ejercer los derechos de acceso, rectificaci\u00f3n, cancelaci\u00f3n y oposici\u00f3n de acuerdo con la legislaci\u00f3n vigente.<\/p>\n\n\n\n<p>IX. COOKIES<\/p>\n\n\n\n<p>En ocasiones es posible que utilicemos una tecnolog\u00eda llamada \u00abcookies\u00bb con el fin de que proporcionemos una serie de contenidos y\u2044o servicios de manera personalizada. Una \u00abcookie\u00bb es un peque\u00f1o elemento de datos que un sitio web puede enviar al programa de navegaci\u00f3n web del usuario. A su vez, este elemento puede almacenarse en el disco duro del ordenador del usuario de manera que le podamos reconocer cuando regrese a nuestro sitio web. En cualquier caso, siempre existe la posibilidad de que el usuario especifique, en las preferencias de su programa de navegaci\u00f3n, que desea recibir un aviso antes de aceptar cualquier \u00abcookie\u00bb.<\/p>\n\n\n\n<p>X. DATOS REGISTRALES<\/p>\n\n\n\n<p>En cumplimiento de lo establecido en la Ley 34\u20442002 de 11 de julio sobre los servicios de la Sociedad de la Informaci\u00f3n y de comercio electr\u00f3nico, adjunto se presentan los datos registrales de la empresa Construcciones Egaralur S.L.:<\/p>\n\n\n\n<p>Domicilio Social:<br>Bidebarrieta N\u00ba 17, Bajo<br>20560 O\u00f1ati (Gipuzkoa)<br>Tel: 943 78 07 15<br>Inscrita en el Registro Mercantil de Guipuzkoa, tomo 179 del libro de Sociedades, folio 52, hoja 564, inscripci\u00f3n 1\u00aa con fecha 12.6.67.<\/p>\n\n\n\n<p>XII. LEY APLICABLE Y FUERO<\/p>\n\n\n\n<p>Estas Condiciones Generales se rigen por la ley espa\u00f1ola. Para cualquier controversia que pudiera derivarse de la aplicaci\u00f3n de los servicios o interpretaci\u00f3n o aplicaci\u00f3n de las Condiciones Generales, Construcciones Egaralur S.L. y el usuario, con renuncia expresa a su fuero propio se someten al de los Juzgados y Tribunales de Gipuzkoa.<\/p>\n\n<\/div>","protected":false},"excerpt":{"rendered":"<p>Pol\u00edtica de privacidad I. OBJETO Estas condiciones generales regulan el uso de todos los servicios del portal egaralur.net (en adelante \u00abPortal\u00bb) que la compa\u00f1\u00eda Construcciones Egaralur S.L., pone a disposici\u00f3n de los usuarios de Internet. Por la mera utilizaci\u00f3n del Portal el usuario expresa la plena aceptaci\u00f3n, sin reservas, de las mismas, las cuales podr\u00e1n [&hellip;]<\/p>\n","protected":false},"author":1,"featured_media":0,"parent":0,"menu_order":0,"comment_status":"closed","ping_status":"closed","template":"page-templates\/template-legal.php","meta":{"inline_featured_image":false,"_genesis_hide_title":false,"_genesis_hide_breadcrumbs":false,"_genesis_hide_singular_image":false,"_genesis_hide_footer_widgets":false,"_genesis_custom_body_class":"","_genesis_custom_post_class":"","_genesis_layout":"","footnotes":""},"class_list":{"0":"post-31","1":"page","2":"type-page","3":"status-publish","5":"entry"},"acf":[],"_links":{"self":[{"href":"https:\/\/egaralur.net\/promociones\/wp-json\/wp\/v2\/pages\/31","targetHints":{"allow":["GET"]}}],"collection":[{"href":"https:\/\/egaralur.net\/promociones\/wp-json\/wp\/v2\/pages"}],"about":[{"href":"https:\/\/egaralur.net\/promociones\/wp-json\/wp\/v2\/types\/page"}],"author":[{"embeddable":true,"href":"https:\/\/egaralur.net\/promociones\/wp-json\/wp\/v2\/users\/1"}],"replies":[{"embeddable":true,"href":"https:\/\/egaralur.net\/promociones\/wp-json\/wp\/v2\/comments?post=31"}],"version-history":[{"count":4,"href":"https:\/\/egaralur.net\/promociones\/wp-json\/wp\/v2\/pages\/31\/revisions"}],"predecessor-version":[{"id":533,"href":"https:\/\/egaralur.net\/promociones\/wp-json\/wp\/v2\/pages\/31\/revisions\/533"}],"wp:attachment":[{"href":"https:\/\/egaralur.net\/promociones\/wp-json\/wp\/v2\/media?parent=31"}],"curies":[{"name":"wp","href":"https:\/\/api.w.org\/{rel}","templated":true}]}}